{"id":75,"date":"2013-04-19T10:35:38","date_gmt":"2013-04-19T10:35:38","guid":{"rendered":"http:\/\/artodem.com\/?page_id=75"},"modified":"2013-04-19T10:43:52","modified_gmt":"2013-04-19T10:43:52","slug":"frankfurtmain","status":"publish","type":"page","link":"http:\/\/artodem.com\/?page_id=75","title":{"rendered":"Frankfurt\/Main (links)"},"content":{"rendered":"<ul>\n<li><a href=\"http:\/\/www.atelierfrankfurt.de\/\">ATELIERFRANKFURT<\/a><\/li>\n<li><a href=\"http:\/\/www.ausstellungshalle.info\/index.htm\">AusstellungsHalle 1A<\/a><\/li>\n<li><a href=\"http:\/\/www.caricatura-museum.de\/\">caricatura museum frankfurt<\/a><\/li>\n<li><a href=\"http:\/\/www.erhard-metz.de\/\">Feuilleton Frankfurt<\/li>\n<li><a href=\"http:\/\/www.frankfurter-kuenstlerclub.de\/\">Frankfurter K\u00fcnstlerclub<\/a><\/li>\n<li><a href=\"http:\/\/www.fkv.de\/\">Frankfurter Kunstverein<\/a><\/li>\n<li><a href=\"http:\/\/www.frankfurter-presseclub.de\/\">Frankfurter Presse-Club<\/a><\/li>\n<li><a href=\"http:\/\/www.holzhausenschloesschen.de\/\">Holzhausenschl\u00f6\u00dfchen<\/a><\/li>\n<li><a href=\"http:\/\/www.hr-online.de\/\">hr Hessischer Rundfunk<\/a><\/li>\n<li><a href=\"http:\/\/www.kulturpass.net\/\">Kultur f\u00fcr ALLE e.V.<\/a><\/li>\n<li><a href=\"http:\/\/www.liebieghaus.de\/\">Liebieghaus Skulpturensammlung<\/a><\/li>\n<li><a href=\"http:\/\/www.mmk-frankfurt.de\/\">Museum f\u00fcr Moderne Kunst Frankfurt<\/a><\/li>\n<li><a href=\"http:\/\/www.museum-giersch.de\/\">Museum Giersch<\/a><\/li>\n<li><a href=\"http:\/\/www.oper-frankfurt.de\/\">Oper Frankfurt<\/a><\/li>\n<li><a href=\"http:\/\/www.portikus.de\/\">Portikus Ausstellungshalle<\/a><\/li>\n<li><a href=\"http:\/\/www.schirn-kunsthalle.de\/\">SCHIRN Kunsthalle Frankfurt<\/a><\/li>\n<li><a href=\"http:\/\/www.staedelmuseum.de\/\">St\u00e4del Museum Frankfurt<\/a><\/li>\n<\/ul>\n","protected":false},"excerpt":{"rendered":"<p>ATELIERFRANKFURT AusstellungsHalle 1A caricatura museum frankfurt Feuilleton Frankfurt Frankfurter K\u00fcnstlerclub Frankfurter Kunstverein Frankfurter Presse-Club Holzhausenschl\u00f6\u00dfchen hr Hessischer Rundfunk Kultur f\u00fcr ALLE e.V. Liebieghaus Skulpturensammlung Museum f\u00fcr Moderne Kunst Frankfurt Museum Giersch Oper Frankfurt Portikus Ausstellungshalle SCHIRN Kunsthalle Frankfurt St\u00e4del Museum &hellip; <a href=\"http:\/\/artodem.com\/?page_id=75\">Weiterlesen <span class=\"meta-nav\">&rarr;<\/span><\/a><\/p>\n","protected":false},"author":1,"featured_media":0,"parent":0,"menu_order":0,"comment_status":"open","ping_status":"open","template":"","meta":{"footnotes":""},"class_list":["post-75","page","type-page","status-publish","hentry"],"jetpack_shortlink":"https:\/\/wp.me\/P3quDF-1d","jetpack_sharing_enabled":true,"_links":{"self":[{"href":"http:\/\/artodem.com\/index.php?rest_route=\/wp\/v2\/pages\/75","targetHints":{"allow":["GET"]}}],"collection":[{"href":"http:\/\/artodem.com\/index.php?rest_route=\/wp\/v2\/pages"}],"about":[{"href":"http:\/\/artodem.com\/index.php?rest_route=\/wp\/v2\/types\/page"}],"author":[{"embeddable":true,"href":"http:\/\/artodem.com\/index.php?rest_route=\/wp\/v2\/users\/1"}],"replies":[{"embeddable":true,"href":"http:\/\/artodem.com\/index.php?rest_route=%2Fwp%2Fv2%2Fcomments&post=75"}],"version-history":[{"count":4,"href":"http:\/\/artodem.com\/index.php?rest_route=\/wp\/v2\/pages\/75\/revisions"}],"predecessor-version":[{"id":81,"href":"http:\/\/artodem.com\/index.php?rest_route=\/wp\/v2\/pages\/75\/revisions\/81"}],"wp:attachment":[{"href":"http:\/\/artodem.com\/index.php?rest_route=%2Fwp%2Fv2%2Fmedia&parent=75"}],"curies":[{"name":"wp","href":"https:\/\/api.w.org\/{rel}","templated":true}]}}